{"id":4482,"date":"2019-02-17T21:54:22","date_gmt":"2019-02-17T21:54:22","guid":{"rendered":"https:\/\/harresiakapurtuz.org\/?page_id=4482"},"modified":"2019-02-19T15:06:28","modified_gmt":"2019-02-19T15:06:28","slug":"lantaldeak","status":"publish","type":"page","link":"https:\/\/harresiakapurtuz.org\/eu\/lantaldeak\/","title":{"rendered":"LANTALDEAK"},"content":{"rendered":"<div id=\"pl-4482\"  class=\"panel-layout\" ><div id=\"pg-4482-0\"  class=\"panel-grid panel-has-style\" ><div class=\"siteorigin-panels-stretch panel-row-style panel-row-style-for-4482-0\" data-stretch-type=\"full-stretched\" ><div id=\"pgc-4482-0-0\"  class=\"panel-grid-cell\" ><div id=\"panel-4482-0-0-0\" class=\"so-panel widget widget_sow-hero panel-first-child panel-last-child\" data-index=\"0\" ><div\n\t\t\t\n\t\t\tclass=\"so-widget-sow-hero so-widget-sow-hero-default-02b4350f93b1-4482 so-widget-fittext-wrapper\"\n\t\t\t\n\t\t>\t\t\t\t<div class=\"sow-slider-base\" style=\"display: none\" tabindex=\"0\">\n\t\t\t\t\t<ul\n\t\t\t\t\tclass=\"sow-slider-images\"\n\t\t\t\t\tdata-settings=\"{&quot;pagination&quot;:true,&quot;speed&quot;:800,&quot;timeout&quot;:8000,&quot;paused&quot;:false,&quot;pause_on_hover&quot;:false,&quot;swipe&quot;:true,&quot;nav_always_show_desktop&quot;:&quot;&quot;,&quot;nav_always_show_mobile&quot;:&quot;&quot;,&quot;breakpoint&quot;:&quot;780px&quot;,&quot;unmute&quot;:false,&quot;anchor&quot;:null}\"\n\t\t\t\t\tstyle=\"min-height: 600px\"\t\t\t\t\tdata-anchor-id=\"\"\n\t\t\t\t>\t\t<li class=\"sow-slider-image  sow-slider-image-cover\" style=\"visibility: visible;;background-color: #413c35;cursor: pointer;\" data-url=\"{&quot;url&quot;:&quot;https:\\\/\\\/harresiakapurtuz.org\\\/quienes-somos\\\/&quot;,&quot;new_window&quot;:false}\" >\n\t\t\t\t\t<div class=\"sow-slider-image-container\">\n\t\t\t<div class=\"sow-slider-image-wrapper\">\n\t\t\t\t<h1 style=\"text-align: center\"><span style=\"color: #ffffff\">LANTALDEAK<\/span><\/h1>\n\t\t\t<\/div>\n\t\t<\/div>\n\t\t<div class=\"sow-slider-image-overlay sow-slider-image-cover\" style=\"opacity: 0.6;background-image: url(https:\/\/harresiakapurtuz.org\/wp-content\/uploads\/2019\/02\/foto-fondo-3.jpg)\"  ><\/div>\t\t<\/li>\n\t\t<\/ul>\t\t\t\t<ol class=\"sow-slider-pagination\">\n\t\t\t\t\t\t\t\t\t\t\t<li><a href=\"#\" data-goto=\"0\" aria-label=\"Display slide 1\"><\/a><\/li>\n\t\t\t\t\t\t\t\t\t<\/ol>\n\n\t\t\t\t<div class=\"sow-slide-nav sow-slide-nav-next\">\n\t\t\t\t\t<a href=\"#\" data-goto=\"next\" aria-label=\"Next slide\" data-action=\"next\">\n\t\t\t\t\t\t<em class=\"sow-sld-icon-thin-right\"><\/em>\n\t\t\t\t\t<\/a>\n\t\t\t\t<\/div>\n\n\t\t\t\t<div class=\"sow-slide-nav sow-slide-nav-prev\">\n\t\t\t\t\t<a href=\"#\" data-goto=\"previous\" aria-label=\"Previous slide\" data-action=\"prev\">\n\t\t\t\t\t\t<em class=\"sow-sld-icon-thin-left\"><\/em>\n\t\t\t\t\t<\/a>\n\t\t\t\t<\/div>\n\t\t\t\t<\/div><\/div><\/div><\/div><\/div><\/div><div id=\"pg-4482-1\"  class=\"panel-grid panel-has-style\" ><div class=\"siteorigin-panels-stretch panel-row-style panel-row-style-for-4482-1\" data-stretch-type=\"full\" ><div id=\"pgc-4482-1-0\"  class=\"panel-grid-cell\" ><div id=\"panel-4482-1-0-0\" class=\"so-panel widget widget_sow-image panel-first-child panel-last-child\" data-index=\"1\" ><div id=\"corazon1\" class=\"panel-widget-style panel-widget-style-for-4482-1-0-0\" ><div\n\t\t\t\n\t\t\tclass=\"so-widget-sow-image so-widget-sow-image-default-e4c2d9f6c920-4482\"\n\t\t\t\n\t\t>\n<div class=\"sow-image-container\">\n\t\t<img \n\tsrc=\"https:\/\/harresiakapurtuz.org\/wp-content\/uploads\/2019\/02\/iconos-web-harrresiak-nuevos-11-150x150.png\" width=\"150\" height=\"150\" srcset=\"https:\/\/harresiakapurtuz.org\/wp-content\/uploads\/2019\/02\/iconos-web-harrresiak-nuevos-11-150x150.png 150w, https:\/\/harresiakapurtuz.org\/wp-content\/uploads\/2019\/02\/iconos-web-harrresiak-nuevos-11-300x300.png 300w, https:\/\/harresiakapurtuz.org\/wp-content\/uploads\/2019\/02\/iconos-web-harrresiak-nuevos-11-768x768.png 768w, https:\/\/harresiakapurtuz.org\/wp-content\/uploads\/2019\/02\/iconos-web-harrresiak-nuevos-11-1024x1024.png 1024w, https:\/\/harresiakapurtuz.org\/wp-content\/uploads\/2019\/02\/iconos-web-harrresiak-nuevos-11-430x430.png 430w, https:\/\/harresiakapurtuz.org\/wp-content\/uploads\/2019\/02\/iconos-web-harrresiak-nuevos-11-1280x1279.png 1280w, https:\/\/harresiakapurtuz.org\/wp-content\/uploads\/2019\/02\/iconos-web-harrresiak-nuevos-11-624x624.png 624w, https:\/\/harresiakapurtuz.org\/wp-content\/uploads\/2019\/02\/iconos-web-harrresiak-nuevos-11-870x870.png 870w, https:\/\/harresiakapurtuz.org\/wp-content\/uploads\/2019\/02\/iconos-web-harrresiak-nuevos-11-405x405.png 405w\" sizes=\"(max-width: 150px) 100vw, 150px\" alt=\"\" \t\tclass=\"so-widget-image\"\/>\n\t<\/div>\n\n<\/div><\/div><\/div><\/div><div id=\"pgc-4482-1-1\"  class=\"panel-grid-cell\" ><div id=\"panel-4482-1-1-0\" class=\"so-panel widget widget_sow-editor panel-first-child panel-last-child\" data-index=\"2\" ><div\n\t\t\t\n\t\t\tclass=\"so-widget-sow-editor so-widget-sow-editor-base\"\n\t\t\t\n\t\t><h3 class=\"widget-title\">Gazte Batzordea<\/h3>\n<div class=\"siteorigin-widget-tinymce textwidget\">\n\t<div class=\"siteorigin-widget-tinymce textwidget\">\n<div class=\"siteorigin-widget-tinymce textwidget\">\n<p><em><strong>Parte hartzaileak<\/strong><\/em><strong>:<\/strong> <em>Asociaci\u00f3n Lagun Artean, Asociaci\u00f3n Margotu, Bizitegi, Cear Euskadi, Consorcio Hemen, Elkarbanatuz, Fundaci\u00f3n Adsis, Fundaci\u00f3n Ellacuria, Fundaci\u00f3n Pe\u00f1ascal, Goiztiri e Itaka Escolapios.<\/em><\/p>\n<p>Koordinatzailearen Batzorde Teknikoa da finkatutako zeinek entitateen aldetik balioespen oso positiboak dituen laneko eta, hartan garatutako lan handiagatik, administrazioetako espazioa. Ez lagundutako atzerriko gazteen gaiak lan eginez espazio hau, 2015aren amaieretatik, entitate-kopuru handiak bultzatuta, hainbeste dator bazkideak bezala ez Koordinatzailearen. Batez ere, taldearen jarduera eragin politikoan zentratzen da eta sentsibilizazioa soziala. Joan den urtean taldea kanpainaren esparruan lan egiten ari izan zen taldearen arazoak ikusgai bihurtzeko eta inpaktua eremu honetan lan egiten duten entitateen aldetik cau\u00edstica-etako zaindutako bilketaren ondorioz sortutako erreibindikazio zehatz batzuen bidez politika publikoetan sortzeko.<\/p>\n<\/div>\n<\/div>\n<\/div>\n<\/div><\/div><\/div><\/div><\/div><div id=\"pg-4482-2\"  class=\"panel-grid panel-has-style\" ><div class=\"siteorigin-panels-stretch panel-row-style panel-row-style-for-4482-2\" data-stretch-type=\"full\" ><div id=\"pgc-4482-2-0\"  class=\"panel-grid-cell\" ><div id=\"panel-4482-2-0-0\" class=\"so-panel widget widget_sow-image panel-first-child panel-last-child\" data-index=\"3\" ><div id=\"corazon1\" class=\"panel-widget-style panel-widget-style-for-4482-2-0-0\" ><div\n\t\t\t\n\t\t\tclass=\"so-widget-sow-image so-widget-sow-image-default-e4c2d9f6c920-4482\"\n\t\t\t\n\t\t>\n<div class=\"sow-image-container\">\n\t\t<img \n\tsrc=\"https:\/\/harresiakapurtuz.org\/wp-content\/uploads\/2019\/02\/iconos-web-harrresiak-nuevos-09-150x150.png\" width=\"150\" height=\"150\" srcset=\"https:\/\/harresiakapurtuz.org\/wp-content\/uploads\/2019\/02\/iconos-web-harrresiak-nuevos-09-150x150.png 150w, https:\/\/harresiakapurtuz.org\/wp-content\/uploads\/2019\/02\/iconos-web-harrresiak-nuevos-09-300x300.png 300w, https:\/\/harresiakapurtuz.org\/wp-content\/uploads\/2019\/02\/iconos-web-harrresiak-nuevos-09-768x768.png 768w, https:\/\/harresiakapurtuz.org\/wp-content\/uploads\/2019\/02\/iconos-web-harrresiak-nuevos-09-1024x1024.png 1024w, https:\/\/harresiakapurtuz.org\/wp-content\/uploads\/2019\/02\/iconos-web-harrresiak-nuevos-09-430x430.png 430w, https:\/\/harresiakapurtuz.org\/wp-content\/uploads\/2019\/02\/iconos-web-harrresiak-nuevos-09-1280x1280.png 1280w, https:\/\/harresiakapurtuz.org\/wp-content\/uploads\/2019\/02\/iconos-web-harrresiak-nuevos-09-624x624.png 624w, https:\/\/harresiakapurtuz.org\/wp-content\/uploads\/2019\/02\/iconos-web-harrresiak-nuevos-09-870x870.png 870w, https:\/\/harresiakapurtuz.org\/wp-content\/uploads\/2019\/02\/iconos-web-harrresiak-nuevos-09-405x405.png 405w\" sizes=\"(max-width: 150px) 100vw, 150px\" alt=\"\" \t\tclass=\"so-widget-image\"\/>\n\t<\/div>\n\n<\/div><\/div><\/div><\/div><div id=\"pgc-4482-2-1\"  class=\"panel-grid-cell\" ><div id=\"panel-4482-2-1-0\" class=\"so-panel widget widget_sow-editor panel-first-child panel-last-child\" data-index=\"4\" ><div\n\t\t\t\n\t\t\tclass=\"so-widget-sow-editor so-widget-sow-editor-base\"\n\t\t\t\n\t\t><h3 class=\"widget-title\">Osasun Batzordea<\/h3>\n<div class=\"siteorigin-widget-tinymce textwidget\">\n\t<div class=\"siteorigin-widget-tinymce textwidget\">\n<div class=\"siteorigin-widget-tinymce textwidget\">\n<p><strong><em>Parte hartzaileak:\u00a0<\/em><\/strong><em>Caritas Bizkaia, Comisi\u00f3n Antisida Bizkaia, Goiztiri y M\u00e9dicos del Mundo.<\/em><\/p>\n<p>Entitateen aldetik Osasun Batzordearen berrindartzeak, bulkada ekarri dio Harresiak Apurtuzek eremu honetan garatutako lanari. Beraren lana egituratzen da hiru jokaera-bloke handitan, zeinetan jarduerak garatzeko kokatzen diren.<\/p>\n<p><strong>Egoeraren testuinguru analisi juridiko eta diagnostikoa:<\/strong> helburua zentratuta dago egoera-diagnostiko bateko lantzean eta Euskadiko osasun-asistentziaren gaurko egoeraren identifikazioan. Gaur, diagnostikatzen dut dago landuta eta murgilduta aurkitzen da zein izan daitekeen kasuistika-bilketa formularik onena analizatzean diagnostikorako euskarriko.<\/p>\n<p><strong>Eragin Politikoa:<\/strong> perspektiba horretatik nahi da egoera adieraztea eta eragitea eta diskriminazioa antzemandako arazoetan sor dezaketen politika publikoetan eragina izatea. Hartarako, desberdin mantendu dira Administrazioarekin, gobernantzako, sareetako eta plataformetako espazioekin edo alderdi politikoekin bilerak.<\/p>\n<p><strong>Eragin soziala eta sentsibilizazioa:<\/strong> helburua egon da informatzen, egoera ikusgai bihurtzen eta gizartea oro har eraldatzeko bokazioarekin sentikor bihurtzen zentratuta.<\/p>\n<\/div>\n<\/div>\n<\/div>\n<\/div><\/div><\/div><\/div><\/div><div id=\"pg-4482-3\"  class=\"panel-grid panel-has-style\" ><div class=\"siteorigin-panels-stretch panel-row-style panel-row-style-for-4482-3\" data-stretch-type=\"full\" ><div id=\"pgc-4482-3-0\"  class=\"panel-grid-cell\" ><div id=\"panel-4482-3-0-0\" class=\"so-panel widget widget_sow-image panel-first-child panel-last-child\" data-index=\"5\" ><div id=\"corazon1\" class=\"panel-widget-style panel-widget-style-for-4482-3-0-0\" ><div\n\t\t\t\n\t\t\tclass=\"so-widget-sow-image so-widget-sow-image-default-e4c2d9f6c920-4482\"\n\t\t\t\n\t\t>\n<div class=\"sow-image-container\">\n\t\t<img \n\tsrc=\"https:\/\/harresiakapurtuz.org\/wp-content\/uploads\/2019\/02\/iconos-web-harrresiak-nuevos-10-150x150.png\" width=\"150\" height=\"150\" srcset=\"https:\/\/harresiakapurtuz.org\/wp-content\/uploads\/2019\/02\/iconos-web-harrresiak-nuevos-10-150x150.png 150w, https:\/\/harresiakapurtuz.org\/wp-content\/uploads\/2019\/02\/iconos-web-harrresiak-nuevos-10-300x300.png 300w, https:\/\/harresiakapurtuz.org\/wp-content\/uploads\/2019\/02\/iconos-web-harrresiak-nuevos-10-768x768.png 768w, https:\/\/harresiakapurtuz.org\/wp-content\/uploads\/2019\/02\/iconos-web-harrresiak-nuevos-10-1024x1024.png 1024w, https:\/\/harresiakapurtuz.org\/wp-content\/uploads\/2019\/02\/iconos-web-harrresiak-nuevos-10-430x430.png 430w, https:\/\/harresiakapurtuz.org\/wp-content\/uploads\/2019\/02\/iconos-web-harrresiak-nuevos-10-1280x1280.png 1280w, https:\/\/harresiakapurtuz.org\/wp-content\/uploads\/2019\/02\/iconos-web-harrresiak-nuevos-10-624x624.png 624w, https:\/\/harresiakapurtuz.org\/wp-content\/uploads\/2019\/02\/iconos-web-harrresiak-nuevos-10-870x870.png 870w, https:\/\/harresiakapurtuz.org\/wp-content\/uploads\/2019\/02\/iconos-web-harrresiak-nuevos-10-405x405.png 405w\" sizes=\"(max-width: 150px) 100vw, 150px\" alt=\"\" \t\tclass=\"so-widget-image\"\/>\n\t<\/div>\n\n<\/div><\/div><\/div><\/div><div id=\"pgc-4482-3-1\"  class=\"panel-grid-cell\" ><div id=\"panel-4482-3-1-0\" class=\"so-panel widget widget_sow-editor panel-first-child panel-last-child\" data-index=\"6\" ><div\n\t\t\t\n\t\t\tclass=\"so-widget-sow-editor so-widget-sow-editor-base\"\n\t\t\t\n\t\t><h3 class=\"widget-title\">Igarotzeko eta Harrerako Batzordea <\/h3>\n<div class=\"siteorigin-widget-tinymce textwidget\">\n\t<div class=\"siteorigin-widget-tinymce textwidget\">\n<div class=\"siteorigin-widget-tinymce textwidget\">\n<div class=\"siteorigin-widget-tinymce textwidget\">\n<p><strong><em>Parte hartzaileak<\/em>:<\/strong>\u00a0<em>CEAR Euskadi, Cruz Roja Bizkaia, M\u00e9dicos del Mundo, C\u00e1ritas Bizkaia y Fundaci\u00f3n Ellacuria.<\/em><\/p>\n<p>Udako lehen asteetan pertsona etorkineko heldueraren aurrean, euskal Gobernuko, Bilbora Bizkaia-ko Foru-Diputazioa eta Bilboko Udala elkartzen dira M\u00e9dicos Munduko entitateekin, Gurutze Gorriarekin eta pertsona hauen harrerari koordinatutako eran ekiteko CEAR-arekin.<\/p>\n<p>Testuinguru honen aurrean, aipatutako hiru erakundeek ezartzen dute astelehenetan biltzen den M\u00e9dicos Munduko, CEAR-etako solaskide bezala jartzen diren koordinazioko, Gurutze Gorriko eta C\u00e1ritas-eko mahai bat. Guztiak Harresiak Apurtuz-en izaterakoan, entitate sozialek talde egonkorreko sorkuntza proposatzen dute koordinatutako eta adostutako proposamena sortzeko.<\/p>\n<\/div>\n<p>&nbsp;<\/p>\n<\/div>\n<\/div>\n<\/div>\n<\/div><\/div><\/div><\/div><\/div><div id=\"pg-4482-4\"  class=\"panel-grid panel-has-style\" ><div class=\"siteorigin-panels-stretch panel-row-style panel-row-style-for-4482-4\" data-stretch-type=\"full\" ><div id=\"pgc-4482-4-0\"  class=\"panel-grid-cell\" ><div id=\"panel-4482-4-0-0\" class=\"so-panel widget widget_sow-image panel-first-child panel-last-child\" data-index=\"7\" ><div id=\"corazon1\" class=\"panel-widget-style panel-widget-style-for-4482-4-0-0\" ><div\n\t\t\t\n\t\t\tclass=\"so-widget-sow-image so-widget-sow-image-default-e4c2d9f6c920-4482\"\n\t\t\t\n\t\t>\n<div class=\"sow-image-container\">\n\t\t<img \n\tsrc=\"https:\/\/harresiakapurtuz.org\/wp-content\/uploads\/2019\/02\/iconos-web-harrresiak-nuevos-18-150x150.png\" width=\"150\" height=\"150\" srcset=\"https:\/\/harresiakapurtuz.org\/wp-content\/uploads\/2019\/02\/iconos-web-harrresiak-nuevos-18-150x150.png 150w, https:\/\/harresiakapurtuz.org\/wp-content\/uploads\/2019\/02\/iconos-web-harrresiak-nuevos-18-300x300.png 300w, https:\/\/harresiakapurtuz.org\/wp-content\/uploads\/2019\/02\/iconos-web-harrresiak-nuevos-18-768x768.png 768w, https:\/\/harresiakapurtuz.org\/wp-content\/uploads\/2019\/02\/iconos-web-harrresiak-nuevos-18-1024x1024.png 1024w, https:\/\/harresiakapurtuz.org\/wp-content\/uploads\/2019\/02\/iconos-web-harrresiak-nuevos-18-430x430.png 430w, https:\/\/harresiakapurtuz.org\/wp-content\/uploads\/2019\/02\/iconos-web-harrresiak-nuevos-18-1280x1280.png 1280w, https:\/\/harresiakapurtuz.org\/wp-content\/uploads\/2019\/02\/iconos-web-harrresiak-nuevos-18-624x624.png 624w, https:\/\/harresiakapurtuz.org\/wp-content\/uploads\/2019\/02\/iconos-web-harrresiak-nuevos-18-870x870.png 870w, https:\/\/harresiakapurtuz.org\/wp-content\/uploads\/2019\/02\/iconos-web-harrresiak-nuevos-18-405x405.png 405w\" sizes=\"(max-width: 150px) 100vw, 150px\" alt=\"\" \t\tclass=\"so-widget-image\"\/>\n\t<\/div>\n\n<\/div><\/div><\/div><\/div><div id=\"pgc-4482-4-1\"  class=\"panel-grid-cell\" ><div id=\"panel-4482-4-1-0\" class=\"so-panel widget widget_sow-editor panel-first-child panel-last-child\" data-index=\"8\" ><div\n\t\t\t\n\t\t\tclass=\"so-widget-sow-editor so-widget-sow-editor-base\"\n\t\t\t\n\t\t><h3 class=\"widget-title\">Hekuntza Batzordea<\/h3>\n<div class=\"siteorigin-widget-tinymce textwidget\">\n\t<div class=\"siteorigin-widget-tinymce textwidget\">\n<div class=\"siteorigin-widget-tinymce textwidget\">\n<div class=\"siteorigin-widget-tinymce textwidget\">\n<p><strong><em>Parte hartzaileak<\/em>:<\/strong> <em>Adsis. Amiarte, Margotu, Fundaci\u00f3n Pe\u00f1ascal, CEAR y Asocolvas.<\/em><\/p>\n<p>Hezkuntzaren kalitatea hobetzeko 8\/2013 Lege Organikoak (LOMCE) ezarritako hezkuntza-sistema estatala dugu abiapuntu. Lege horretatik, 127\/2014 Errege Dekretua eratorri zen, eta haren 5. kapituluak Oinarrizko Lanbide Prestakuntzaren alderdi zehatzak arautzen ditu. EDaren 18. artikuluaren arabera, alderdi hodiek xedatzeko, oinarritzat hartzen dira autonomia-erkidego bakoitzak bere lurraldearen barnean kudeatzen dituen ezaugarriak, tokiko berezitasunak errespetatuz eta gazteen alde eginez.<\/p>\n<p>Egoera horretan ardaztuta, EAEra lagunduta heltzen ziren adingabeko atzerritar gehienei prestakuntza ematen zitzaien. Hala, gizarterako eta lanerako gaitzeaz gain, gazteak gizarteratzen ziren eta gazte horien bazterkeria arindu eta haien enplegagarritasuna hobetzen zuen gizarte bat eraikitzen zen.<\/p>\n<p>Aitzitik, Eusko Jaurlaritzak 2018-2019 ikasturterako ezarritako zuzentarauek erabat aldatu dute egoera, Errege Dekretua interpretatzeko modua zorroztu delako. Orain arte, Eusko Jaurlaritzako Hezkuntza Sailak aplikatutako salbuespenari esker, gazte horiek sistemara sar zitezkeen; baina irizpideetan izandako aldaketaren ondorioz, salbuespen hori ezeztatu da. Hori horrela, ikasle izango direnek DBH bigarren edo hirugarren mailan eskolatuta egon behar dute, Oinarrizko Lanbide Heziketan sartu ahal izateko.<\/p>\n<\/div>\n<p>&nbsp;<\/p>\n<\/div>\n<\/div>\n<\/div>\n<\/div><\/div><\/div><\/div><\/div><\/div>","protected":false},"excerpt":{"rendered":"<p>Parte hartzaileak: Asociaci\u00f3n Lagun Artean, Asociaci\u00f3n Margotu, Bizitegi, Cear Euskadi, Consorcio Hemen, Elkarbanatuz, Fundaci\u00f3n Adsis, Fundaci\u00f3n Ellacuria, Fundaci\u00f3n Pe\u00f1ascal, Goiztiri e Itaka Escolapios. Koordinatzailearen Batzorde Teknikoa da finkatutako zeinek entitateen<a class=\"more-link\" href=\"https:\/\/harresiakapurtuz.org\/eu\/lantaldeak\/\">Continue reading <span class=\"screen-reader-text\">LANTALDEAK<\/span> <span class=\"meta-nav\" aria-hidden=\"true\">&rarr;<\/span><\/a><\/p>\n","protected":false},"author":3,"featured_media":0,"parent":0,"menu_order":0,"comment_status":"closed","ping_status":"closed","template":"page-templates\/fullwidth-boxed-template.php","meta":{"_acf_changed":false,"_exactmetrics_skip_tracking":false,"_exactmetrics_sitenote_active":false,"_exactmetrics_sitenote_note":"","_exactmetrics_sitenote_category":0,"footnotes":""},"class_list":["post-4482","page","type-page","status-publish","hentry"],"acf":[],"yoast_head":"<!-- This site is optimized with the Yoast SEO plugin v26.9 - https:\/\/yoast.com\/product\/yoast-seo-wordpress\/ -->\n<title>LANTALDEAK - Coordinadora de ONG de Euskadi de apoyo a inmigrantes<\/title>\n<meta name=\"robots\" content=\"index, follow, max-snippet:-1, max-image-preview:large, max-video-preview:-1\" \/>\n<link rel=\"canonical\" href=\"https:\/\/harresiakapurtuz.org\/eu\/lantaldeak\/\" \/>\n<meta property=\"og:locale\" content=\"eu_ES\" \/>\n<meta property=\"og:type\" content=\"article\" \/>\n<meta property=\"og:title\" content=\"LANTALDEAK - Coordinadora de ONG de Euskadi de apoyo a inmigrantes\" \/>\n<meta property=\"og:description\" content=\"Parte hartzaileak: Asociaci\u00f3n Lagun Artean, Asociaci\u00f3n Margotu, Bizitegi, Cear Euskadi, Consorcio Hemen, Elkarbanatuz, Fundaci\u00f3n Adsis, Fundaci\u00f3n Ellacuria, Fundaci\u00f3n Pe\u00f1ascal, Goiztiri e Itaka Escolapios. Koordinatzailearen Batzorde Teknikoa da finkatutako zeinek entitateenContinue reading LANTALDEAK &rarr;\" \/>\n<meta property=\"og:url\" content=\"https:\/\/harresiakapurtuz.org\/eu\/lantaldeak\/\" \/>\n<meta property=\"og:site_name\" content=\"Coordinadora de ONG de Euskadi de apoyo a inmigrantes\" \/>\n<meta property=\"article:modified_time\" content=\"2019-02-19T15:06:28+00:00\" \/>\n<meta name=\"twitter:card\" content=\"summary_large_image\" \/>\n<meta name=\"twitter:label1\" content=\"Est. reading time\" \/>\n\t<meta name=\"twitter:data1\" content=\"3 minutes\" \/>\n<script type=\"application\/ld+json\" class=\"yoast-schema-graph\">{\"@context\":\"https:\/\/schema.org\",\"@graph\":[{\"@type\":\"WebPage\",\"@id\":\"https:\/\/harresiakapurtuz.org\/eu\/lantaldeak\/\",\"url\":\"https:\/\/harresiakapurtuz.org\/eu\/lantaldeak\/\",\"name\":\"LANTALDEAK - Coordinadora de ONG de Euskadi de apoyo a inmigrantes\",\"isPartOf\":{\"@id\":\"https:\/\/harresiakapurtuz.org\/#website\"},\"datePublished\":\"2019-02-17T21:54:22+00:00\",\"dateModified\":\"2019-02-19T15:06:28+00:00\",\"breadcrumb\":{\"@id\":\"https:\/\/harresiakapurtuz.org\/eu\/lantaldeak\/#breadcrumb\"},\"inLanguage\":\"eu-ES\",\"potentialAction\":[{\"@type\":\"ReadAction\",\"target\":[\"https:\/\/harresiakapurtuz.org\/eu\/lantaldeak\/\"]}]},{\"@type\":\"BreadcrumbList\",\"@id\":\"https:\/\/harresiakapurtuz.org\/eu\/lantaldeak\/#breadcrumb\",\"itemListElement\":[{\"@type\":\"ListItem\",\"position\":1,\"name\":\"Portada\",\"item\":\"https:\/\/harresiakapurtuz.org\/eu\/\"},{\"@type\":\"ListItem\",\"position\":2,\"name\":\"LANTALDEAK\"}]},{\"@type\":\"WebSite\",\"@id\":\"https:\/\/harresiakapurtuz.org\/#website\",\"url\":\"https:\/\/harresiakapurtuz.org\/\",\"name\":\"Coordinadora de ONG de Euskadi de apoyo a inmigrantes\",\"description\":\"En Harresiak Apurtuz trabajamos por una sociedad inclusiva y abierta donde todas las personas vean reconocida su ciudadan\u00eda plena\",\"publisher\":{\"@id\":\"https:\/\/harresiakapurtuz.org\/#organization\"},\"potentialAction\":[{\"@type\":\"SearchAction\",\"target\":{\"@type\":\"EntryPoint\",\"urlTemplate\":\"https:\/\/harresiakapurtuz.org\/?s={search_term_string}\"},\"query-input\":{\"@type\":\"PropertyValueSpecification\",\"valueRequired\":true,\"valueName\":\"search_term_string\"}}],\"inLanguage\":\"eu-ES\"},{\"@type\":\"Organization\",\"@id\":\"https:\/\/harresiakapurtuz.org\/#organization\",\"name\":\"Coordinadora de ONG de Euskadi de apoyo a inmigrantes\",\"url\":\"https:\/\/harresiakapurtuz.org\/\",\"logo\":{\"@type\":\"ImageObject\",\"inLanguage\":\"eu-ES\",\"@id\":\"https:\/\/harresiakapurtuz.org\/#\/schema\/logo\/image\/\",\"url\":\"https:\/\/harresiakapurtuz.org\/wp-content\/uploads\/2020\/04\/Logo-Harresiak-2020-color-scaled.jpg\",\"contentUrl\":\"https:\/\/harresiakapurtuz.org\/wp-content\/uploads\/2020\/04\/Logo-Harresiak-2020-color-scaled.jpg\",\"width\":2560,\"height\":740,\"caption\":\"Coordinadora de ONG de Euskadi de apoyo a inmigrantes\"},\"image\":{\"@id\":\"https:\/\/harresiakapurtuz.org\/#\/schema\/logo\/image\/\"}}]}<\/script>\n<!-- \/ Yoast SEO plugin. -->","yoast_head_json":{"title":"LANTALDEAK - Coordinadora de ONG de Euskadi de apoyo a inmigrantes","robots":{"index":"index","follow":"follow","max-snippet":"max-snippet:-1","max-image-preview":"max-image-preview:large","max-video-preview":"max-video-preview:-1"},"canonical":"https:\/\/harresiakapurtuz.org\/eu\/lantaldeak\/","og_locale":"eu_ES","og_type":"article","og_title":"LANTALDEAK - Coordinadora de ONG de Euskadi de apoyo a inmigrantes","og_description":"Parte hartzaileak: Asociaci\u00f3n Lagun Artean, Asociaci\u00f3n Margotu, Bizitegi, Cear Euskadi, Consorcio Hemen, Elkarbanatuz, Fundaci\u00f3n Adsis, Fundaci\u00f3n Ellacuria, Fundaci\u00f3n Pe\u00f1ascal, Goiztiri e Itaka Escolapios. Koordinatzailearen Batzorde Teknikoa da finkatutako zeinek entitateenContinue reading LANTALDEAK &rarr;","og_url":"https:\/\/harresiakapurtuz.org\/eu\/lantaldeak\/","og_site_name":"Coordinadora de ONG de Euskadi de apoyo a inmigrantes","article_modified_time":"2019-02-19T15:06:28+00:00","twitter_card":"summary_large_image","twitter_misc":{"Est. reading time":"3 minutes"},"schema":{"@context":"https:\/\/schema.org","@graph":[{"@type":"WebPage","@id":"https:\/\/harresiakapurtuz.org\/eu\/lantaldeak\/","url":"https:\/\/harresiakapurtuz.org\/eu\/lantaldeak\/","name":"LANTALDEAK - Coordinadora de ONG de Euskadi de apoyo a inmigrantes","isPartOf":{"@id":"https:\/\/harresiakapurtuz.org\/#website"},"datePublished":"2019-02-17T21:54:22+00:00","dateModified":"2019-02-19T15:06:28+00:00","breadcrumb":{"@id":"https:\/\/harresiakapurtuz.org\/eu\/lantaldeak\/#breadcrumb"},"inLanguage":"eu-ES","potentialAction":[{"@type":"ReadAction","target":["https:\/\/harresiakapurtuz.org\/eu\/lantaldeak\/"]}]},{"@type":"BreadcrumbList","@id":"https:\/\/harresiakapurtuz.org\/eu\/lantaldeak\/#breadcrumb","itemListElement":[{"@type":"ListItem","position":1,"name":"Portada","item":"https:\/\/harresiakapurtuz.org\/eu\/"},{"@type":"ListItem","position":2,"name":"LANTALDEAK"}]},{"@type":"WebSite","@id":"https:\/\/harresiakapurtuz.org\/#website","url":"https:\/\/harresiakapurtuz.org\/","name":"Coordinadora de ONG de Euskadi de apoyo a inmigrantes","description":"En Harresiak Apurtuz trabajamos por una sociedad inclusiva y abierta donde todas las personas vean reconocida su ciudadan\u00eda plena","publisher":{"@id":"https:\/\/harresiakapurtuz.org\/#organization"},"potentialAction":[{"@type":"SearchAction","target":{"@type":"EntryPoint","urlTemplate":"https:\/\/harresiakapurtuz.org\/?s={search_term_string}"},"query-input":{"@type":"PropertyValueSpecification","valueRequired":true,"valueName":"search_term_string"}}],"inLanguage":"eu-ES"},{"@type":"Organization","@id":"https:\/\/harresiakapurtuz.org\/#organization","name":"Coordinadora de ONG de Euskadi de apoyo a inmigrantes","url":"https:\/\/harresiakapurtuz.org\/","logo":{"@type":"ImageObject","inLanguage":"eu-ES","@id":"https:\/\/harresiakapurtuz.org\/#\/schema\/logo\/image\/","url":"https:\/\/harresiakapurtuz.org\/wp-content\/uploads\/2020\/04\/Logo-Harresiak-2020-color-scaled.jpg","contentUrl":"https:\/\/harresiakapurtuz.org\/wp-content\/uploads\/2020\/04\/Logo-Harresiak-2020-color-scaled.jpg","width":2560,"height":740,"caption":"Coordinadora de ONG de Euskadi de apoyo a inmigrantes"},"image":{"@id":"https:\/\/harresiakapurtuz.org\/#\/schema\/logo\/image\/"}}]}},"post_mailing_queue_ids":[],"_links":{"self":[{"href":"https:\/\/harresiakapurtuz.org\/eu\/wp-json\/wp\/v2\/pages\/4482","targetHints":{"allow":["GET"]}}],"collection":[{"href":"https:\/\/harresiakapurtuz.org\/eu\/wp-json\/wp\/v2\/pages"}],"about":[{"href":"https:\/\/harresiakapurtuz.org\/eu\/wp-json\/wp\/v2\/types\/page"}],"author":[{"embeddable":true,"href":"https:\/\/harresiakapurtuz.org\/eu\/wp-json\/wp\/v2\/users\/3"}],"replies":[{"embeddable":true,"href":"https:\/\/harresiakapurtuz.org\/eu\/wp-json\/wp\/v2\/comments?post=4482"}],"version-history":[{"count":4,"href":"https:\/\/harresiakapurtuz.org\/eu\/wp-json\/wp\/v2\/pages\/4482\/revisions"}],"predecessor-version":[{"id":4515,"href":"https:\/\/harresiakapurtuz.org\/eu\/wp-json\/wp\/v2\/pages\/4482\/revisions\/4515"}],"wp:attachment":[{"href":"https:\/\/harresiakapurtuz.org\/eu\/wp-json\/wp\/v2\/media?parent=4482"}],"curies":[{"name":"wp","href":"https:\/\/api.w.org\/{rel}","templated":true}]}}